{"id":12,"date":"2023-10-06T12:13:17","date_gmt":"2023-10-06T10:13:17","guid":{"rendered":"https:\/\/patmat.stronazen.pl\/mat\/?page_id=12"},"modified":"2023-10-09T16:18:58","modified_gmt":"2023-10-09T14:18:58","slug":"nowe-muzeum-sztuki-nowoczesnej-otwarlo-swoje-powoje","status":"publish","type":"page","link":"https:\/\/patmat.stronazen.pl\/mat\/","title":{"rendered":"EFEKT                                                                     Pranie dywan\u00f3w i tapicerki"},"content":{"rendered":"\n<p><\/p>\n\n\n\n<p><\/p>\n\n\n\n<div class=\"wp-block-group alignwide\"><div class=\"wp-block-group__inner-container is-layout-flow wp-block-group-is-layout-flow\">\n<h2 class=\"wp-block-heading has-text-align-center\">Najwa\u017cniejsze miejsce dla sztuki wsp\u00f3\u0142czesnej w p\u00f3\u0142nocnej Szwecji. W lato otwarte codziennie od 10 do 18.<\/h2>\n<\/div><\/div>\n\n\n\n<div class=\"wp-block-columns alignwide is-layout-flex wp-container-core-columns-is-layout-9d6595d7 wp-block-columns-is-layout-flex\">\n<div class=\"wp-block-column is-layout-flow wp-block-column-is-layout-flow\">\n<div class=\"wp-block-group\"><div class=\"wp-block-group__inner-container is-layout-flow wp-block-group-is-layout-flow\">\n<figure class=\"wp-block-image alignfull size-full\"><img decoding=\"async\" src=\"https:\/\/patmat.stronazen.pl\/mat\/wp-content\/themes\/twentytwenty\/assets\/images\/2020-three-quarters-1.png\" alt=\"\" class=\"wp-image-37\"\/><\/figure>\n\n\n\n<h3 class=\"wp-block-heading\">Prace i dni<\/h3>\n\n\n\n<p>Sierpie\u0144 1 &#8212; Grudzie\u0144 1<\/p>\n\n\n\n<div class=\"wp-block-button is-style-outline is-style-outline--1\"><a class=\"wp-block-button__link wp-element-button\" href=\"https:\/\/make.wordpress.org\/core\/2019\/09\/27\/block-editor-theme-related-updates-in-wordpress-5-3\/\">Czytaj dalej<\/a><\/div>\n<\/div><\/div>\n\n\n\n<div class=\"wp-block-group\"><div class=\"wp-block-group__inner-container is-layout-flow wp-block-group-is-layout-flow\">\n<figure class=\"wp-block-image alignfull size-full\"><img decoding=\"async\" src=\"https:\/\/patmat.stronazen.pl\/mat\/wp-content\/themes\/twentytwenty\/assets\/images\/2020-three-quarters-3.png\" alt=\"\" class=\"wp-image-37\"\/><\/figure>\n\n\n\n<h3 class=\"wp-block-heading\">Obszar dzia\u0142ania<\/h3>\n\n\n\n<p>Pa\u017adziernik 1 &#8212; Grudzie\u0144 1<\/p>\n\n\n\n<div class=\"wp-block-button is-style-outline is-style-outline--2\"><a class=\"wp-block-button__link wp-element-button\" href=\"https:\/\/make.wordpress.org\/core\/2019\/09\/27\/block-editor-theme-related-updates-in-wordpress-5-3\/\">Czytaj dalej<\/a><\/div>\n<\/div><\/div>\n<\/div>\n\n\n\n<div class=\"wp-block-column is-layout-flow wp-block-column-is-layout-flow\">\n<div class=\"wp-block-group\"><div class=\"wp-block-group__inner-container is-layout-flow wp-block-group-is-layout-flow\">\n<figure class=\"wp-block-image alignfull size-full\"><img decoding=\"async\" src=\"https:\/\/patmat.stronazen.pl\/mat\/wp-content\/themes\/twentytwenty\/assets\/images\/2020-three-quarters-2.png\" alt=\"\" class=\"wp-image-37\"\/><\/figure>\n\n\n\n<h3 class=\"wp-block-heading\">\u017bycie na kt\u00f3re zas\u0142uguj\u0119<\/h3>\n\n\n\n<p>Sierpie\u0144 1 &#8212; Grudzie\u0144 1<\/p>\n\n\n\n<div class=\"wp-block-button is-style-outline is-style-outline--3\"><a class=\"wp-block-button__link wp-element-button\" href=\"https:\/\/make.wordpress.org\/core\/2019\/09\/27\/block-editor-theme-related-updates-in-wordpress-5-3\/\">Czytaj dalej<\/a><\/div>\n<\/div><\/div>\n\n\n\n<div class=\"wp-block-group\"><div class=\"wp-block-group__inner-container is-layout-flow wp-block-group-is-layout-flow\">\n<figure class=\"wp-block-image alignfull size-full\"><img decoding=\"async\" src=\"https:\/\/patmat.stronazen.pl\/mat\/wp-content\/themes\/twentytwenty\/assets\/images\/2020-three-quarters-4.png\" alt=\"\" class=\"wp-image-37\"\/><\/figure>\n\n\n\n<h3 class=\"wp-block-heading\">Od Signac do Matisse<\/h3>\n\n\n\n<p>Pa\u017adziernik 1 &#8212; Grudzie\u0144 1<\/p>\n\n\n\n<div class=\"wp-block-button is-style-outline is-style-outline--4\"><a class=\"wp-block-button__link wp-element-button\" href=\"https:\/\/make.wordpress.org\/core\/2019\/09\/27\/block-editor-theme-related-updates-in-wordpress-5-3\/\">Czytaj dalej<\/a><\/div>\n<\/div><\/div>\n<\/div>\n<\/div>\n\n\n\n<figure class=\"wp-block-image alignfull size-full\"><img decoding=\"async\" src=\"https:\/\/patmat.stronazen.pl\/mat\/wp-content\/themes\/twentytwenty\/assets\/images\/2020-landscape-2.png\" alt=\"\" class=\"wp-image-37\"\/><\/figure>\n\n\n\n<div class=\"wp-block-group alignwide\"><div class=\"wp-block-group__inner-container is-layout-flow wp-block-group-is-layout-flow\">\n<h2 class=\"wp-block-heading has-text-align-center has-accent-color has-text-color\">\u201cCyborgi, jak ustali\u0142a filozof Donna Haraway, nie okazuj\u0105 czci. Nie pami\u0119taj\u0105 kosmosu.\u201d<\/h2>\n<\/div><\/div>\n\n\n\n<p class=\"has-drop-cap\">Na siedmiu pi\u0119trach efektownej architektury Muzeum Sztuki Nowoczesnej mo\u017cna zobaczy\u0107 wystawy mi\u0119dzynarodowej sztuki wsp\u00f3\u0142czesnej, czasami wraz z historyczn\u0105 retrospektyw\u0105. Zagadnienia egzystencjalne, polityczne i filozoficzne s\u0105 g\u0142\u00f3wnym w\u0105tkiem programu. Dla odwiedzaj\u0105cych przygotowane zosta\u0142y r\u00f3\u017cne formy zwiedzania jak np. oprowadzanie z przewodnikiem, spotkania z artystami, wyk\u0142ady, pokazy filmowe i wiele innych. Wst\u0119p jest wolny.<\/p>\n\n\n\n<p>Wystawy powstaj\u0105 przy wsp\u00f3\u0142pracy Muzeum Sztuki Nowoczesnej z artystami i muzeami na ca\u0142ym \u015bwiecie, przez co bardzo cz\u0119sto przyci\u0105gaj\u0105 uwag\u0119 mi\u0119dzynarodow\u0105. Muzeum Sztuki Nowoczesnej otrzyma\u0142o specjalne wyr\u00f3\u017cnienie Europejskiego Muzeum Roku i by\u0142o jednym z najlepszych kandydat\u00f3w do nagrody Szwedzkiego Muzeum Roku, a tak\u017ce do nagrody Muzeum Rady Europy.<\/p>\n\n\n\n<p><\/p>\n\n\n\n<div class=\"wp-block-group alignwide has-background\" style=\"background-color:#ffffff\"><div class=\"wp-block-group__inner-container is-layout-flow wp-block-group-is-layout-flow\">\n<div class=\"wp-block-group\"><div class=\"wp-block-group__inner-container is-layout-flow wp-block-group-is-layout-flow\">\n<h2 class=\"wp-block-heading has-text-align-center\">Do\u0142\u0105cz i otrzymuj ekskluzywne oferty!<\/h2>\n\n\n\n<p class=\"has-text-align-center\">Subskrybenci maj\u0105 dost\u0119p do ekskluzywnych eksponat\u00f3w i wyprzeda\u017cy. Cz\u0142onkostwo kosztuje 99,99 PLN i jest naliczane raz do roku.<\/p>\n\n\n\n<div class=\"wp-block-button aligncenter\"><a class=\"wp-block-button__link wp-element-button\" href=\"https:\/\/make.wordpress.org\/core\/2019\/09\/27\/block-editor-theme-related-updates-in-wordpress-5-3\/\">Do\u0142\u0105cz do klubu<\/a><\/div>\n<\/div><\/div>\n<\/div><\/div>\n\n\n\n<figure class=\"wp-block-gallery alignwide has-nested-images columns-default is-cropped wp-block-gallery-5 is-layout-flex wp-block-gallery-is-layout-flex\">\n<figure class=\"wp-block-image size-large\"><img decoding=\"async\" data-id=\"39\" src=\"https:\/\/patmat.stronazen.pl\/mat\/wp-content\/themes\/twentytwenty\/assets\/images\/2020-square-2.png\" alt=\"\" class=\"wp-image-39\"\/><\/figure>\n\n\n\n<figure class=\"wp-block-image size-large\"><img decoding=\"async\" data-id=\"38\" src=\"https:\/\/patmat.stronazen.pl\/mat\/wp-content\/themes\/twentytwenty\/assets\/images\/2020-square-1.png\" alt=\"\" class=\"wp-image-38\"\/><\/figure>\n<\/figure>\n","protected":false},"excerpt":{"rendered":"<p>Najwa\u017cniejsze miejsce dla sztuki wsp\u00f3\u0142czesnej w p\u00f3\u0142nocnej Szwecji. W lato otwarte codziennie od 10 do 18. Prace i dni Sierpie\u0144 1 &#8212; Grudzie\u0144 1 Obszar dzia\u0142ania Pa\u017adziernik 1 &#8212; Grudzie\u0144 1 \u017bycie na kt\u00f3re zas\u0142uguj\u0119 Sierpie\u0144 1 &#8212; Grudzie\u0144 1 Od Signac do Matisse Pa\u017adziernik 1 &#8212; Grudzie\u0144 1 \u201cCyborgi, jak ustali\u0142a filozof Donna Haraway, [&hellip;]<\/p>\n","protected":false},"author":1,"featured_media":11,"parent":0,"menu_order":0,"comment_status":"closed","ping_status":"closed","template":"","meta":{"footnotes":""},"class_list":["post-12","page","type-page","status-publish","has-post-thumbnail","hentry"],"_links":{"self":[{"href":"https:\/\/patmat.stronazen.pl\/mat\/index.php\/wp-json\/wp\/v2\/pages\/12","targetHints":{"allow":["GET"]}}],"collection":[{"href":"https:\/\/patmat.stronazen.pl\/mat\/index.php\/wp-json\/wp\/v2\/pages"}],"about":[{"href":"https:\/\/patmat.stronazen.pl\/mat\/index.php\/wp-json\/wp\/v2\/types\/page"}],"author":[{"embeddable":true,"href":"https:\/\/patmat.stronazen.pl\/mat\/index.php\/wp-json\/wp\/v2\/users\/1"}],"replies":[{"embeddable":true,"href":"https:\/\/patmat.stronazen.pl\/mat\/index.php\/wp-json\/wp\/v2\/comments?post=12"}],"version-history":[{"count":3,"href":"https:\/\/patmat.stronazen.pl\/mat\/index.php\/wp-json\/wp\/v2\/pages\/12\/revisions"}],"predecessor-version":[{"id":41,"href":"https:\/\/patmat.stronazen.pl\/mat\/index.php\/wp-json\/wp\/v2\/pages\/12\/revisions\/41"}],"wp:featuredmedia":[{"embeddable":true,"href":"https:\/\/patmat.stronazen.pl\/mat\/index.php\/wp-json\/wp\/v2\/media\/11"}],"wp:attachment":[{"href":"https:\/\/patmat.stronazen.pl\/mat\/index.php\/wp-json\/wp\/v2\/media?parent=12"}],"curies":[{"name":"wp","href":"https:\/\/api.w.org\/{rel}","templated":true}]}}