{"id":14,"date":"2023-10-06T12:13:17","date_gmt":"2023-10-06T10:13:17","guid":{"rendered":"https:\/\/patmat.stronazen.pl\/mat\/?page_id=14"},"modified":"2023-10-06T12:13:17","modified_gmt":"2023-10-06T10:13:17","slug":"kontakt","status":"publish","type":"page","link":"https:\/\/patmat.stronazen.pl\/mat\/index.php\/kontakt\/","title":{"rendered":"Kontakt"},"content":{"rendered":"\n<p>Strona z podstawowymi informacjami kontaktowymi, takimi jak adres, numer telefonu. Mo\u017cna tak\u017ce spr\u00f3bowa\u0107 wtyczki, za pomoc\u0105 kt\u00f3rej dodamy formularz kontaktowy.<\/p>\n","protected":false},"excerpt":{"rendered":"<p>Strona z podstawowymi informacjami kontaktowymi, takimi jak adres, numer telefonu. Mo\u017cna tak\u017ce spr\u00f3bowa\u0107 wtyczki, za pomoc\u0105 kt\u00f3rej dodamy formularz kontaktowy.<\/p>\n","protected":false},"author":1,"featured_media":0,"parent":0,"menu_order":0,"comment_status":"closed","ping_status":"closed","template":"","meta":{"footnotes":""},"class_list":["post-14","page","type-page","status-publish","hentry"],"_links":{"self":[{"href":"https:\/\/patmat.stronazen.pl\/mat\/index.php\/wp-json\/wp\/v2\/pages\/14","targetHints":{"allow":["GET"]}}],"collection":[{"href":"https:\/\/patmat.stronazen.pl\/mat\/index.php\/wp-json\/wp\/v2\/pages"}],"about":[{"href":"https:\/\/patmat.stronazen.pl\/mat\/index.php\/wp-json\/wp\/v2\/types\/page"}],"author":[{"embeddable":true,"href":"https:\/\/patmat.stronazen.pl\/mat\/index.php\/wp-json\/wp\/v2\/users\/1"}],"replies":[{"embeddable":true,"href":"https:\/\/patmat.stronazen.pl\/mat\/index.php\/wp-json\/wp\/v2\/comments?post=14"}],"version-history":[{"count":1,"href":"https:\/\/patmat.stronazen.pl\/mat\/index.php\/wp-json\/wp\/v2\/pages\/14\/revisions"}],"predecessor-version":[{"id":21,"href":"https:\/\/patmat.stronazen.pl\/mat\/index.php\/wp-json\/wp\/v2\/pages\/14\/revisions\/21"}],"wp:attachment":[{"href":"https:\/\/patmat.stronazen.pl\/mat\/index.php\/wp-json\/wp\/v2\/media?parent=14"}],"curies":[{"name":"wp","href":"https:\/\/api.w.org\/{rel}","templated":true}]}}